{"id":194,"date":"2021-08-30T04:52:24","date_gmt":"2021-08-30T04:52:24","guid":{"rendered":"http:\/\/blocher.at\/wordpress\/?page_id=194"},"modified":"2022-03-29T08:12:07","modified_gmt":"2022-03-29T08:12:07","slug":"impressum","status":"publish","type":"page","link":"https:\/\/ferienclub-amadeus.at\/?page_id=194","title":{"rendered":"Impressum"},"content":{"rendered":"\n<p>Ferienclub Amadeus<br>Br\u00e4uleiten 8 &#8211; 10<br>A-5550 Radstadt<br>Tel.: +43 6452 201 91<br>Fax: +43 6452 201 91 300<br><br><meta charset=\"utf-8\"><strong>Clubpr\u00e4sident<\/strong><br><strong>Dipl.-Kfm.<\/strong>\u00a0<strong>Hans J\u00fcrgen Straub<\/strong><br><br>Firmenname: Ferienclub Amadeus<br>Gerichtstand: Bezirkshauptmannschaft St. Johann im Pongau<br><br>UID Nr.: ATU35420004<br>St. Nr.: 103\/4280<\/p>\n\n\n\n<h2 class=\"wp-block-heading\">Ziel der Website<\/h2>\n\n\n\n<p>Bei der Website des Ferienclubs Amadeus handelt es sich um eine Informationsplattform f\u00fcr&nbsp;alle Clubmitglieder und an den M\u00f6glichkeiten des Clubs Interessierte. Es werden vor allem die H\u00e4user, die Apartements und die M\u00f6glichkeiten f\u00fcr Aktivit\u00e4ten vorgestellt.<\/p>\n\n\n\n<h2 class=\"wp-block-heading\">Haftung<\/h2>\n\n\n\n<p>Die Website wird nach bestem Wissen auf dem aktuellen Stand gehalten. Es kann aber keine Gew\u00e4hr f\u00fcr die Vollst\u00e4ndigkeit und Richtigkeit dieser Informationen aber auch jener \u00fcbernommen werden, die \u00fcber weiterf\u00fchrende Links erreicht werden. F\u00fcr Inhalte, die \u00fcber Links von unseren Seiten aus erreichbar sind, liegt die Verantwortung beim jeweiligen Anbieter. Wir stellen ausdr\u00fccklich fest, dass wir keinerlei Einfluss auf die Gestaltung und die Inhalte der verlinkten Seiten haben und \u00fcbernehmen daher auch keine Haftung f\u00fcr diese Seiten inklusive ihrer Unterseiten.<\/p>\n\n\n\n<p>Wir stellen weiters fest, dass wir uns durch die Linksetzung zu diesen Seiten deren Inhalte nicht zu Eigen machen. Diese Erkl\u00e4rung gilt f\u00fcr alle Links, die unsere Website verlassen und f\u00fcr alle Inhalte der Seiten au\u00dferhalb dieser Website, zu denen Links oder Banner f\u00fchren.<\/p>\n\n\n\n<p>Falls wir auf Seiten verlinken, deren Inhalt Anlass zur Beanstandung gibt, bitten wir um Mitteilung an hans(a)blocher.at.<\/p>\n","protected":false},"excerpt":{"rendered":"<p>Ferienclub AmadeusBr\u00e4uleiten 8 &#8211; 10A-5550 RadstadtTel.: +43 6452 201 91Fax: +43 6452 201 91 300 Clubpr\u00e4sidentDipl.-Kfm.\u00a0Hans J\u00fcrgen Straub Firmenname: Ferienclub AmadeusGerichtstand: Bezirkshauptmannschaft St. Johann im Pongau UID Nr.: ATU35420004St. Nr.: 103\/4280 Ziel der Website Bei der Website des Ferienclubs Amadeus handelt es sich um eine Informationsplattform f\u00fcr&nbsp;alle Clubmitglieder und an den M\u00f6glichkeiten des Clubs Interessierte. &hellip; <\/p>\n<p class=\"link-more\"><a href=\"https:\/\/ferienclub-amadeus.at\/?page_id=194\" class=\"more-link\">Mehr <span class=\"screen-reader-text\">\u00fcber &#8222;Impressum&#8220; <\/span>Lesen<\/a><\/p>\n","protected":false},"author":1,"featured_media":0,"parent":0,"menu_order":0,"comment_status":"closed","ping_status":"closed","template":"","meta":{"inspiro_hide_title":false,"footnotes":""},"class_list":["post-194","page","type-page","status-publish","hentry"],"_links":{"self":[{"href":"https:\/\/ferienclub-amadeus.at\/index.php?rest_route=\/wp\/v2\/pages\/194","targetHints":{"allow":["GET"]}}],"collection":[{"href":"https:\/\/ferienclub-amadeus.at\/index.php?rest_route=\/wp\/v2\/pages"}],"about":[{"href":"https:\/\/ferienclub-amadeus.at\/index.php?rest_route=\/wp\/v2\/types\/page"}],"author":[{"embeddable":true,"href":"https:\/\/ferienclub-amadeus.at\/index.php?rest_route=\/wp\/v2\/users\/1"}],"replies":[{"embeddable":true,"href":"https:\/\/ferienclub-amadeus.at\/index.php?rest_route=%2Fwp%2Fv2%2Fcomments&post=194"}],"version-history":[{"count":8,"href":"https:\/\/ferienclub-amadeus.at\/index.php?rest_route=\/wp\/v2\/pages\/194\/revisions"}],"predecessor-version":[{"id":568,"href":"https:\/\/ferienclub-amadeus.at\/index.php?rest_route=\/wp\/v2\/pages\/194\/revisions\/568"}],"wp:attachment":[{"href":"https:\/\/ferienclub-amadeus.at\/index.php?rest_route=%2Fwp%2Fv2%2Fmedia&parent=194"}],"curies":[{"name":"wp","href":"https:\/\/api.w.org\/{rel}","templated":true}]}}