{"id":168,"date":"2021-08-30T04:26:54","date_gmt":"2021-08-30T04:26:54","guid":{"rendered":"http:\/\/blocher.at\/wordpress\/?page_id=168"},"modified":"2022-02-25T09:57:23","modified_gmt":"2022-02-25T09:57:23","slug":"kontakt","status":"publish","type":"page","link":"https:\/\/ferienclub-amadeus.at\/?page_id=168","title":{"rendered":"Kontakt"},"content":{"rendered":"\n<h2 class=\"wp-block-heading\"><meta charset=\"utf-8\">Ferienclub Amadeus, Br\u00e4uleiten 8 &#8211; 10, A-5550 Radstadt<br>Tel. +43 6452 201 91, Fax: -300, Email: <a href=\"mailto:info@ferienclub-amadeus.at\" data-type=\"mailto\">info(a)ferienclub-amadeus.at<\/a><\/h2>\n\n\n\n<div class=\"wp-block-cover is-light\"><span aria-hidden=\"true\" class=\"wp-block-cover__gradient-background has-background-dim\"><\/span><img loading=\"lazy\" decoding=\"async\" width=\"1440\" height=\"1156\" class=\"wp-block-cover__image-background wp-image-488\" alt=\"\" src=\"https:\/\/ferienclub-amadeus.at\/wp-content\/uploads\/2022\/02\/connie.jpg\" data-object-fit=\"cover\" srcset=\"https:\/\/ferienclub-amadeus.at\/wp-content\/uploads\/2022\/02\/connie.jpg 1440w, https:\/\/ferienclub-amadeus.at\/wp-content\/uploads\/2022\/02\/connie-300x241.jpg 300w, https:\/\/ferienclub-amadeus.at\/wp-content\/uploads\/2022\/02\/connie-1024x822.jpg 1024w, https:\/\/ferienclub-amadeus.at\/wp-content\/uploads\/2022\/02\/connie-768x617.jpg 768w\" sizes=\"auto, (max-width: 1440px) 100vw, 1440px\" \/><div class=\"wp-block-cover__inner-container is-layout-flow wp-block-cover-is-layout-flow\">\n<p class=\"has-drop-cap has-text-align-center has-large-font-size\">Connie Hellenbrand, Clubmanagerin<\/p>\n\n\n\n<p><\/p>\n<\/div><\/div>\n\n\n\n<h2 class=\"wp-block-heading\"><meta charset=\"utf-8\">ist um Ihr Wohlergehen bem\u00fcht und w\u00fcnscht sch\u00f6ne, erholsame Urlaubstage!<\/h2>\n\n\n\n<div class=\"wp-block-columns are-vertically-aligned-top is-layout-flex wp-container-core-columns-is-layout-28f84493 wp-block-columns-is-layout-flex\">\n<div class=\"wp-block-column is-vertically-aligned-top is-layout-flow wp-block-column-is-layout-flow\">\n<figure class=\"wp-block-image size-full is-style-default\"><img loading=\"lazy\" decoding=\"async\" width=\"1024\" height=\"768\" src=\"https:\/\/ferienclub-amadeus.at\/wp-content\/uploads\/2022\/02\/202107035731236286496286441.jpg\" alt=\"\" class=\"wp-image-464\" srcset=\"https:\/\/ferienclub-amadeus.at\/wp-content\/uploads\/2022\/02\/202107035731236286496286441.jpg 1024w, https:\/\/ferienclub-amadeus.at\/wp-content\/uploads\/2022\/02\/202107035731236286496286441-300x225.jpg 300w, https:\/\/ferienclub-amadeus.at\/wp-content\/uploads\/2022\/02\/202107035731236286496286441-768x576.jpg 768w\" sizes=\"auto, (max-width: 1024px) 100vw, 1024px\" \/><\/figure>\n<\/div>\n\n\n\n<div class=\"wp-block-column is-vertically-aligned-top is-layout-flow wp-block-column-is-layout-flow\">\n<figure class=\"wp-block-image size-full is-style-default\"><img loading=\"lazy\" decoding=\"async\" width=\"1024\" height=\"768\" src=\"https:\/\/ferienclub-amadeus.at\/wp-content\/uploads\/2022\/02\/20210626_163700.jpg\" alt=\"\" class=\"wp-image-463\" srcset=\"https:\/\/ferienclub-amadeus.at\/wp-content\/uploads\/2022\/02\/20210626_163700.jpg 1024w, https:\/\/ferienclub-amadeus.at\/wp-content\/uploads\/2022\/02\/20210626_163700-300x225.jpg 300w, https:\/\/ferienclub-amadeus.at\/wp-content\/uploads\/2022\/02\/20210626_163700-768x576.jpg 768w\" sizes=\"auto, (max-width: 1024px) 100vw, 1024px\" \/><\/figure>\n<\/div>\n<\/div>\n","protected":false},"excerpt":{"rendered":"<p>Ferienclub Amadeus, Br\u00e4uleiten 8 &#8211; 10, A-5550 RadstadtTel. +43 6452 201 91, Fax: -300, Email: info(a)ferienclub-amadeus.at ist um Ihr Wohlergehen bem\u00fcht und w\u00fcnscht sch\u00f6ne, erholsame Urlaubstage!<\/p>\n","protected":false},"author":1,"featured_media":0,"parent":0,"menu_order":0,"comment_status":"closed","ping_status":"closed","template":"","meta":{"inspiro_hide_title":false,"footnotes":""},"class_list":["post-168","page","type-page","status-publish","hentry"],"_links":{"self":[{"href":"https:\/\/ferienclub-amadeus.at\/index.php?rest_route=\/wp\/v2\/pages\/168","targetHints":{"allow":["GET"]}}],"collection":[{"href":"https:\/\/ferienclub-amadeus.at\/index.php?rest_route=\/wp\/v2\/pages"}],"about":[{"href":"https:\/\/ferienclub-amadeus.at\/index.php?rest_route=\/wp\/v2\/types\/page"}],"author":[{"embeddable":true,"href":"https:\/\/ferienclub-amadeus.at\/index.php?rest_route=\/wp\/v2\/users\/1"}],"replies":[{"embeddable":true,"href":"https:\/\/ferienclub-amadeus.at\/index.php?rest_route=%2Fwp%2Fv2%2Fcomments&post=168"}],"version-history":[{"count":8,"href":"https:\/\/ferienclub-amadeus.at\/index.php?rest_route=\/wp\/v2\/pages\/168\/revisions"}],"predecessor-version":[{"id":565,"href":"https:\/\/ferienclub-amadeus.at\/index.php?rest_route=\/wp\/v2\/pages\/168\/revisions\/565"}],"wp:attachment":[{"href":"https:\/\/ferienclub-amadeus.at\/index.php?rest_route=%2Fwp%2Fv2%2Fmedia&parent=168"}],"curies":[{"name":"wp","href":"https:\/\/api.w.org\/{rel}","templated":true}]}}