{"id":157,"date":"2021-08-30T03:58:25","date_gmt":"2021-08-30T03:58:25","guid":{"rendered":"http:\/\/blocher.at\/wordpress\/?page_id=157"},"modified":"2022-02-25T08:39:42","modified_gmt":"2022-02-25T08:39:42","slug":"unser-haus","status":"publish","type":"page","link":"https:\/\/ferienclub-amadeus.at\/?page_id=157","title":{"rendered":"H\u00e4user"},"content":{"rendered":"\n<p><meta charset=\"utf-8\"><strong>Die zwei H\u00e4user des Ferienclubs Amadeus sind in sonniger Lage am Radst\u00e4dter Sonnenhang gelegen. Der wundersch\u00f6ne Ausblick \u00fcber das Tal mit den umliegenden Bergen verzaubert jeden Gast! Ob im Sommer oder im Winter, sportlich oder einfach nur zum Relaxen, bei uns wird Ihr Urlaub zum Erlebnis!<\/strong><\/p>\n\n\n\n<figure class=\"wp-block-image size-large is-style-default\"><img loading=\"lazy\" decoding=\"async\" width=\"1024\" height=\"683\" src=\"https:\/\/ferienclub-amadeus.at\/wp-content\/uploads\/2022\/02\/IMG_1850-1024x683.jpg\" alt=\"\" class=\"wp-image-542\" srcset=\"https:\/\/ferienclub-amadeus.at\/wp-content\/uploads\/2022\/02\/IMG_1850-1024x683.jpg 1024w, https:\/\/ferienclub-amadeus.at\/wp-content\/uploads\/2022\/02\/IMG_1850-300x200.jpg 300w, https:\/\/ferienclub-amadeus.at\/wp-content\/uploads\/2022\/02\/IMG_1850-768x512.jpg 768w, https:\/\/ferienclub-amadeus.at\/wp-content\/uploads\/2022\/02\/IMG_1850.jpg 1296w\" sizes=\"auto, (max-width: 1024px) 100vw, 1024px\" \/><\/figure>\n\n\n\n<figure class=\"wp-block-image size-large is-style-default\"><img loading=\"lazy\" decoding=\"async\" width=\"1024\" height=\"683\" src=\"https:\/\/ferienclub-amadeus.at\/wp-content\/uploads\/2022\/02\/IMG_1834-1024x683.jpg\" alt=\"\" class=\"wp-image-544\" srcset=\"https:\/\/ferienclub-amadeus.at\/wp-content\/uploads\/2022\/02\/IMG_1834-1024x683.jpg 1024w, https:\/\/ferienclub-amadeus.at\/wp-content\/uploads\/2022\/02\/IMG_1834-300x200.jpg 300w, https:\/\/ferienclub-amadeus.at\/wp-content\/uploads\/2022\/02\/IMG_1834-768x512.jpg 768w, https:\/\/ferienclub-amadeus.at\/wp-content\/uploads\/2022\/02\/IMG_1834.jpg 1296w\" sizes=\"auto, (max-width: 1024px) 100vw, 1024px\" \/><\/figure>\n\n\n\n<figure class=\"wp-block-image size-full is-style-default\"><img loading=\"lazy\" decoding=\"async\" width=\"1024\" height=\"768\" src=\"https:\/\/ferienclub-amadeus.at\/wp-content\/uploads\/2022\/02\/Haus_Winter1.jpg\" alt=\"\" class=\"wp-image-501\" srcset=\"https:\/\/ferienclub-amadeus.at\/wp-content\/uploads\/2022\/02\/Haus_Winter1.jpg 1024w, https:\/\/ferienclub-amadeus.at\/wp-content\/uploads\/2022\/02\/Haus_Winter1-300x225.jpg 300w, https:\/\/ferienclub-amadeus.at\/wp-content\/uploads\/2022\/02\/Haus_Winter1-768x576.jpg 768w\" sizes=\"auto, (max-width: 1024px) 100vw, 1024px\" \/><\/figure>\n\n\n\n<figure class=\"wp-block-image size-full\"><img loading=\"lazy\" decoding=\"async\" width=\"1024\" height=\"758\" src=\"https:\/\/ferienclub-amadeus.at\/wp-content\/uploads\/2022\/02\/Haus_Bad.jpg\" alt=\"\" class=\"wp-image-497\" srcset=\"https:\/\/ferienclub-amadeus.at\/wp-content\/uploads\/2022\/02\/Haus_Bad.jpg 1024w, https:\/\/ferienclub-amadeus.at\/wp-content\/uploads\/2022\/02\/Haus_Bad-300x222.jpg 300w, https:\/\/ferienclub-amadeus.at\/wp-content\/uploads\/2022\/02\/Haus_Bad-768x569.jpg 768w\" sizes=\"auto, (max-width: 1024px) 100vw, 1024px\" \/><\/figure>\n\n\n\n<div class=\"wp-block-image is-style-default\"><figure class=\"aligncenter size-large\"><img loading=\"lazy\" decoding=\"async\" width=\"768\" height=\"1024\" src=\"https:\/\/ferienclub-amadeus.at\/wp-content\/uploads\/2022\/02\/parkplatz-768x1024.jpg\" alt=\"\" class=\"wp-image-533\" srcset=\"https:\/\/ferienclub-amadeus.at\/wp-content\/uploads\/2022\/02\/parkplatz-768x1024.jpg 768w, https:\/\/ferienclub-amadeus.at\/wp-content\/uploads\/2022\/02\/parkplatz-225x300.jpg 225w, https:\/\/ferienclub-amadeus.at\/wp-content\/uploads\/2022\/02\/parkplatz.jpg 1062w\" sizes=\"auto, (max-width: 768px) 100vw, 768px\" \/><\/figure><\/div>\n\n\n\n<h2 class=\"wp-block-heading\">Sommer<\/h2>\n\n\n\n<div class=\"wp-block-image is-style-default\"><figure class=\"aligncenter size-large\"><img loading=\"lazy\" decoding=\"async\" width=\"764\" height=\"1024\" src=\"https:\/\/ferienclub-amadeus.at\/wp-content\/uploads\/2022\/02\/sommer-1-764x1024.jpg\" alt=\"\" class=\"wp-image-529\" srcset=\"https:\/\/ferienclub-amadeus.at\/wp-content\/uploads\/2022\/02\/sommer-1-764x1024.jpg 764w, https:\/\/ferienclub-amadeus.at\/wp-content\/uploads\/2022\/02\/sommer-1-224x300.jpg 224w, https:\/\/ferienclub-amadeus.at\/wp-content\/uploads\/2022\/02\/sommer-1-768x1029.jpg 768w, https:\/\/ferienclub-amadeus.at\/wp-content\/uploads\/2022\/02\/sommer-1-1146x1536.jpg 1146w, https:\/\/ferienclub-amadeus.at\/wp-content\/uploads\/2022\/02\/sommer-1.jpg 1504w\" sizes=\"auto, (max-width: 764px) 100vw, 764px\" \/><\/figure><\/div>\n\n\n\n<h2 class=\"wp-block-heading\">Herbst<\/h2>\n\n\n\n<figure class=\"wp-block-image size-large is-style-default\"><img loading=\"lazy\" decoding=\"async\" width=\"1024\" height=\"640\" src=\"https:\/\/ferienclub-amadeus.at\/wp-content\/uploads\/2022\/02\/Herbst-1024x640.jpg\" alt=\"\" class=\"wp-image-503\" srcset=\"https:\/\/ferienclub-amadeus.at\/wp-content\/uploads\/2022\/02\/Herbst-1024x640.jpg 1024w, https:\/\/ferienclub-amadeus.at\/wp-content\/uploads\/2022\/02\/Herbst-300x188.jpg 300w, https:\/\/ferienclub-amadeus.at\/wp-content\/uploads\/2022\/02\/Herbst-768x480.jpg 768w, https:\/\/ferienclub-amadeus.at\/wp-content\/uploads\/2022\/02\/Herbst-1536x960.jpg 1536w, https:\/\/ferienclub-amadeus.at\/wp-content\/uploads\/2022\/02\/Herbst-2000x1250.jpg 2000w, https:\/\/ferienclub-amadeus.at\/wp-content\/uploads\/2022\/02\/Herbst.jpg 2048w\" sizes=\"auto, (max-width: 1024px) 100vw, 1024px\" \/><\/figure>\n\n\n\n<h2 class=\"wp-block-heading\">Winter<\/h2>\n\n\n\n<figure class=\"wp-block-image size-large is-style-default\"><img loading=\"lazy\" decoding=\"async\" width=\"1024\" height=\"629\" src=\"https:\/\/ferienclub-amadeus.at\/wp-content\/uploads\/2022\/02\/winter-1-1024x629.jpg\" alt=\"\" class=\"wp-image-532\" srcset=\"https:\/\/ferienclub-amadeus.at\/wp-content\/uploads\/2022\/02\/winter-1-1024x629.jpg 1024w, https:\/\/ferienclub-amadeus.at\/wp-content\/uploads\/2022\/02\/winter-1-300x184.jpg 300w, https:\/\/ferienclub-amadeus.at\/wp-content\/uploads\/2022\/02\/winter-1-768x471.jpg 768w, https:\/\/ferienclub-amadeus.at\/wp-content\/uploads\/2022\/02\/winter-1.jpg 1080w\" sizes=\"auto, (max-width: 1024px) 100vw, 1024px\" \/><\/figure>\n","protected":false},"excerpt":{"rendered":"<p>Die zwei H\u00e4user des Ferienclubs Amadeus sind in sonniger Lage am Radst\u00e4dter Sonnenhang gelegen. Der wundersch\u00f6ne Ausblick \u00fcber das Tal mit den umliegenden Bergen verzaubert jeden Gast! Ob im Sommer oder im Winter, sportlich oder einfach nur zum Relaxen, bei uns wird Ihr Urlaub zum Erlebnis! Sommer Herbst Winter<\/p>\n","protected":false},"author":1,"featured_media":0,"parent":0,"menu_order":0,"comment_status":"closed","ping_status":"closed","template":"","meta":{"inspiro_hide_title":false,"footnotes":""},"class_list":["post-157","page","type-page","status-publish","hentry"],"_links":{"self":[{"href":"https:\/\/ferienclub-amadeus.at\/index.php?rest_route=\/wp\/v2\/pages\/157","targetHints":{"allow":["GET"]}}],"collection":[{"href":"https:\/\/ferienclub-amadeus.at\/index.php?rest_route=\/wp\/v2\/pages"}],"about":[{"href":"https:\/\/ferienclub-amadeus.at\/index.php?rest_route=\/wp\/v2\/types\/page"}],"author":[{"embeddable":true,"href":"https:\/\/ferienclub-amadeus.at\/index.php?rest_route=\/wp\/v2\/users\/1"}],"replies":[{"embeddable":true,"href":"https:\/\/ferienclub-amadeus.at\/index.php?rest_route=%2Fwp%2Fv2%2Fcomments&post=157"}],"version-history":[{"count":8,"href":"https:\/\/ferienclub-amadeus.at\/index.php?rest_route=\/wp\/v2\/pages\/157\/revisions"}],"predecessor-version":[{"id":548,"href":"https:\/\/ferienclub-amadeus.at\/index.php?rest_route=\/wp\/v2\/pages\/157\/revisions\/548"}],"wp:attachment":[{"href":"https:\/\/ferienclub-amadeus.at\/index.php?rest_route=%2Fwp%2Fv2%2Fmedia&parent=157"}],"curies":[{"name":"wp","href":"https:\/\/api.w.org\/{rel}","templated":true}]}}